{"id":5478,"date":"2023-12-05T10:15:29","date_gmt":"2023-12-05T09:15:29","guid":{"rendered":"https:\/\/lereposdusaunier-iledere.fr\/?page_id=5478"},"modified":"2023-12-05T10:17:39","modified_gmt":"2023-12-05T09:17:39","slug":"mentions-legales","status":"publish","type":"page","link":"https:\/\/lereposdusaunier-iledere.fr\/index.php\/mentions-legales\/","title":{"rendered":"Mentions l\u00e9gales"},"content":{"rendered":"<div class=\"fusion-fullwidth fullwidth-box fusion-builder-row-1 fusion-flex-container has-pattern-background has-mask-background nonhundred-percent-fullwidth non-hundred-percent-height-scrolling\" style=\"--awb-border-radius-top-left:0px;--awb-border-radius-top-right:0px;--awb-border-radius-bottom-right:0px;--awb-border-radius-bottom-left:0px;--awb-padding-top:40px;--awb-padding-right:40px;--awb-padding-bottom:40px;--awb-padding-left:40px;--awb-flex-wrap:wrap;\" ><div class=\"fusion-builder-row fusion-row fusion-flex-align-items-flex-start fusion-flex-content-wrap\" style=\"max-width:1414.4px;margin-left: calc(-4% \/ 2 );margin-right: calc(-4% \/ 2 );\"><div class=\"fusion-layout-column fusion_builder_column fusion-builder-column-0 fusion_builder_column_1_1 1_1 fusion-flex-column\" style=\"--awb-bg-size:cover;--awb-width-large:100%;--awb-margin-top-large:0px;--awb-spacing-right-large:1.92%;--awb-margin-bottom-large:0px;--awb-spacing-left-large:1.92%;--awb-width-medium:100%;--awb-order-medium:0;--awb-spacing-right-medium:1.92%;--awb-spacing-left-medium:1.92%;--awb-width-small:100%;--awb-order-small:0;--awb-spacing-right-small:1.92%;--awb-spacing-left-small:1.92%;\"><div class=\"fusion-column-wrapper fusion-column-has-shadow fusion-flex-justify-content-flex-start fusion-content-layout-column\"><div class=\"fusion-text fusion-text-1 awb-text-cols fusion-text-columns-2\" style=\"--awb-columns:2;--awb-column-spacing:2em;--awb-column-min-width:100px;\"><h3>Mentions l\u00e9gales<\/h3>\n<div class=\"fusion-layout-column fusion_builder_column fusion-builder-column-0 fusion_builder_column_1_1 1_1 fusion-flex-column\">\n<div class=\"fusion-column-wrapper fusion-flex-justify-content-flex-start fusion-content-layout-column\">\n<div class=\"fusion-text fusion-text-1 fusion-text-split-columns fusion-text-columns-2\">\n<p><strong>Site \u00e9dit\u00e9 par :<\/strong><br \/>\n<span class=\"person-name\">Mme Sandrine Ferrand<\/span><br \/>\n71 avenue des Salines<br \/>\n17880 Les Portes-en-R\u00e9<\/p>\n<p><strong>Directeur de la publication :<\/strong><br \/>\n<span class=\"person-name\">Mme Sandrine Ferrand<br \/>\n<\/span><\/p>\n<p><strong>Site r\u00e9alis\u00e9 par :<\/strong><br \/>\nChristophe PENOT \u2013 <a href=\"http:\/\/multiservices-informatique.com\/\" rel=\"noopener noreferrer\">Multiservices Informatique<\/a><br \/>\n17590 St Cl\u00e9ment des Baleines<br \/>\nT\u00e9l : 06 74 93 67 15<\/p>\n<p><strong>Site h\u00e9berg\u00e9 par :<\/strong><br \/>\nOVH<br \/>\n140 Quai du Sartel \u2013 59100 Roubaix \u2013 France.<\/p>\n<p><strong>Cr\u00e9dit photos <\/strong><br \/>\nPhotos : <span class=\"person-name\">Sandrine Ferrand &#8211; Christophe Penot &#8211; Golf de Trousse-Chemise &#8211; Sup \u00c9vasion<br \/>\n<\/span><\/p>\n<p><strong>Respect de la vie priv\u00e9e et des donn\u00e9es personnelles<br \/>\n<\/strong>Droit d\u2019acc\u00e8s et de modification des donn\u00e9es vous concernant<br \/>\nVous disposez d\u2019un droit d\u2019acc\u00e8s, de modification, de rectification et de suppression des donn\u00e9es qui vous concernent <a href=\"https:\/\/www.cnil.fr\/fr\/reglement-europeen-protection-donnees\/chapitre3#Article16\" target=\"_blank\" rel=\"noopener noreferrer\">articles 16 et 19 du r\u00e8glement g\u00e9n\u00e9ral sur la protection des donn\u00e9es (RGPD)<\/a>. Pour l\u2019exercer, adressez-vous \u00e0 :<br \/>\n<strong>Sandrine Ferrand<br \/>\n71 avenue des Salines<br \/>\n17880 les Portes-en-R\u00e9<br \/>\nou par le biais de notre <a href=\"https:\/\/lereposdusaunier-iledere.fr\/index.php\/nous-contacter\/\">formulaire de contact<\/a><br \/>\n<\/strong>Par \u00ab\u00a0Information Personnelle\u00a0\u00bb, il faut entendre toute information qui permet d\u2019identifier une personne. Il s\u2019agira le plus souvent d\u2019un nom, d\u2019une adresse, d\u2019un num\u00e9ro de t\u00e9l\u00e9phone ou d\u2019une adresse \u00e9lectronique.<\/p>\n<p><strong>Utilisation des cookies<\/strong><br \/>\nCes site peut \u00eatre amen\u00e9 \u00e0 utiliser le syst\u00e8me des \u00ab\u00a0cookies\u00a0\u00bb. Le cookie ne nous permet pas de vous identifier mais de mani\u00e8re g\u00e9n\u00e9rale de collecter des informations lors de votre passage sur notre site.<br \/>\nCes \u00ab\u00a0cookies\u00a0\u00bb vous \u00e9viteront \u00e9galement de devoir fournir chaque fois des informations que vous nous avez d\u00e9j\u00e0 communiqu\u00e9es dans la mesure o\u00f9 ils se souviendront que vous nous avez communiqu\u00e9 ces informations \u00e0 une date ant\u00e9rieure.<br \/>\nIl vous est possible de d\u00e9tecter l\u2019existence de ces \u00ab\u00a0cookies\u00a0\u00bb et, le cas \u00e9ch\u00e9ant, de les supprimer.<br \/>\nIl vous est possible de vous opposer \u00e0 l\u2019enregistrement de cookies en d\u00e9sactivant cette fonction de votre navigateur dans les pr\u00e9f\u00e9rences de celui-ci.<\/p>\n<p><strong>S\u00e9curit\u00e9 et confidentialit\u00e9 sur le r\u00e9seau<\/strong><br \/>\nLes messages que vous nous ferez parvenir par l\u2019interm\u00e9diaire d\u2019Internet peuvent \u00eatre intercept\u00e9s sur le r\u00e9seau. Jusqu\u2019\u00e0 ce qu\u2019ils nous parviennent, leur confidentialit\u00e9 ne peut \u00eatre garantie.<br \/>\nAssurez-vous de ne pas divulguer d\u2019informations personnelles ou confidentielles inutiles, sensibles ou provenant de tiers. De plus, l\u2019indication de la provenance des messages \u00e9lectroniques que nous recevons peut \u00eatre falsifi\u00e9e. Par cons\u00e9quent, si vous souhaitez nous communiquer de telles informations, utilisez imp\u00e9rativement la voie postale. En cons\u00e9quence, aucune plainte, d\u00e9claration ou demande de conseil transmise par message internet ne sera prise en compte.<br \/>\nVeuillez formuler vos demandes exclusivement par voie postale. Pour obtenir plus de renseignements sur les proc\u00e9dures \u00e0 suivre ou sur des dossiers en cours d\u2019instruction, veuillez prendre contact avec nous par \u00e9crit.<\/p>\n<p><strong>Respect des droits d\u2019auteur<br \/>\n<\/strong>Utilisation des informations du site et droits d\u2019auteur<br \/>\nL\u2019utilisation de tout document provenant de ce site n\u2019est autoris\u00e9e qu\u2019\u00e0 titre d\u2019information pour un usage priv\u00e9. Toute utilisation qui pourrait \u00eatre effectu\u00e9e \u00e0 d\u2019autres fins est express\u00e9ment interdite.<br \/>\nNous nous effor\u00e7ons d\u2019assurer au mieux de nos possibilit\u00e9s, l\u2019exactitude et la mise \u00e0 jour des informations diffus\u00e9es sur ce site, nous nous r\u00e9servons le droit de corriger, \u00e0 tout moment et sans pr\u00e9avis, le contenu.<br \/>\nEn cons\u00e9quence, nous d\u00e9clinons toute responsabilit\u00e9 : pour toute impr\u00e9cision, inexactitude ou omission portant sur des informations disponibles sur le site ; pour tous dommages r\u00e9sultant d\u2019une intrusion frauduleuse d\u2019un tiers ayant entra\u00een\u00e9 une modification des informations mises \u00e0 la disposition sur le site ; et plus g\u00e9n\u00e9ralement pour tous dommages, directs ou indirects, qu\u2019elles qu\u2019en soient les causes, origines, nature ou cons\u00e9quences, provoqu\u00e9s \u00e0 raison de l\u2019acc\u00e8s de quiconque au site ou de l\u2019impossibilit\u00e9 d\u2019y acc\u00e9der, de m\u00eame que l\u2019utilisation du site et\/ou du cr\u00e9dit accord\u00e9 \u00e0 une quelconque information provenant directement ou indirectement de ce dernier.<br \/>\nPar ailleurs, sauf mention contraire, les droits de propri\u00e9t\u00e9 intellectuelle sur les documents contenus dans le site et chacun des \u00e9l\u00e9ments cr\u00e9\u00e9s pour ce site sont la propri\u00e9t\u00e9 exclusive de <strong>Mme Sandrine Ferrand<\/strong> ceux-ci ne conc\u00e9dant aucune licence, ni aucun droit que celui de consulter le site.<br \/>\nToutes les marques cit\u00e9es dans ce site appartiennent \u00e0 leurs compagnies respectives.<br \/>\nTous les produits, logos, et images cit\u00e9s dans les pages de ce site sont la propri\u00e9t\u00e9 de leur marque respective.<\/p>\n<p><strong>Recommandations pour la visualisation<\/strong><br \/>\nPour visualiser les pages de ce site de fa\u00e7on optimale, nous vous recommandons d\u2019utiliser un navigateurs web r\u00e9cent : Mozilla Firefox, Google Chrome, Safari ou Microsoft Edge. Le site est optimis\u00e9 pour une r\u00e9solution d\u2019\u00e9cran minimum de 1280\u00d7800 pixels.<\/p>\n<\/div>\n<\/div>\n<\/div>\n<\/div><\/div><\/div><\/div><\/div>\n","protected":false},"excerpt":{"rendered":"","protected":false},"author":1,"featured_media":0,"parent":0,"menu_order":0,"comment_status":"closed","ping_status":"closed","template":"100-width.php","meta":{"footnotes":""},"class_list":["post-5478","page","type-page","status-publish","hentry"],"_links":{"self":[{"href":"https:\/\/lereposdusaunier-iledere.fr\/index.php\/wp-json\/wp\/v2\/pages\/5478","targetHints":{"allow":["GET"]}}],"collection":[{"href":"https:\/\/lereposdusaunier-iledere.fr\/index.php\/wp-json\/wp\/v2\/pages"}],"about":[{"href":"https:\/\/lereposdusaunier-iledere.fr\/index.php\/wp-json\/wp\/v2\/types\/page"}],"author":[{"embeddable":true,"href":"https:\/\/lereposdusaunier-iledere.fr\/index.php\/wp-json\/wp\/v2\/users\/1"}],"replies":[{"embeddable":true,"href":"https:\/\/lereposdusaunier-iledere.fr\/index.php\/wp-json\/wp\/v2\/comments?post=5478"}],"version-history":[{"count":3,"href":"https:\/\/lereposdusaunier-iledere.fr\/index.php\/wp-json\/wp\/v2\/pages\/5478\/revisions"}],"predecessor-version":[{"id":5481,"href":"https:\/\/lereposdusaunier-iledere.fr\/index.php\/wp-json\/wp\/v2\/pages\/5478\/revisions\/5481"}],"wp:attachment":[{"href":"https:\/\/lereposdusaunier-iledere.fr\/index.php\/wp-json\/wp\/v2\/media?parent=5478"}],"curies":[{"name":"wp","href":"https:\/\/api.w.org\/{rel}","templated":true}]}}