{"id":5440,"date":"2023-12-04T18:04:14","date_gmt":"2023-12-04T17:04:14","guid":{"rendered":"https:\/\/lereposdusaunier-iledere.fr\/?page_id=5440"},"modified":"2023-12-05T13:53:29","modified_gmt":"2023-12-05T12:53:29","slug":"a-voir-a-faire","status":"publish","type":"page","link":"https:\/\/lereposdusaunier-iledere.fr\/index.php\/a-voir-a-faire\/","title":{"rendered":"\u00c0 voir, \u00e0 faire"},"content":{"rendered":"<p><div class=\"fusion-fullwidth fullwidth-box fusion-builder-row-1 fusion-flex-container has-pattern-background has-mask-background hundred-percent-fullwidth non-hundred-percent-height-scrolling\" style=\"--awb-border-radius-top-left:0px;--awb-border-radius-top-right:0px;--awb-border-radius-bottom-right:0px;--awb-border-radius-bottom-left:0px;--awb-padding-right:2px;--awb-padding-left:2px;--awb-flex-wrap:wrap;\" ><div class=\"fusion-builder-row fusion-row fusion-flex-align-items-flex-start fusion-flex-content-wrap\" style=\"width:104% !important;max-width:104% !important;margin-left: calc(-4% \/ 2 );margin-right: calc(-4% \/ 2 );\"><div class=\"fusion-layout-column fusion_builder_column fusion-builder-column-0 fusion_builder_column_1_1 1_1 fusion-flex-column\" style=\"--awb-bg-size:cover;--awb-width-large:100%;--awb-margin-top-large:0px;--awb-spacing-right-large:1.92%;--awb-margin-bottom-large:0px;--awb-spacing-left-large:1.92%;--awb-width-medium:100%;--awb-order-medium:0;--awb-spacing-right-medium:1.92%;--awb-spacing-left-medium:1.92%;--awb-width-small:100%;--awb-order-small:0;--awb-spacing-right-small:1.92%;--awb-spacing-left-small:1.92%;\"><div class=\"fusion-column-wrapper fusion-column-has-shadow fusion-flex-justify-content-flex-start fusion-content-layout-column\"><div class=\"fusion-image-carousel fusion-image-carousel-auto fusion-image-carousel-1 fusion-carousel-border\"><div class=\"awb-carousel awb-swiper awb-swiper-carousel\" data-autoplay=\"yes\" data-columns=\"6\" data-itemmargin=\"0\" data-itemwidth=\"180\" data-touchscroll=\"no\" data-imagesize=\"auto\" style=\"--awb-columns:6;--awb-column-spacing:0px;--awb-caption-overlay-color:#000211;\"><div class=\"swiper-wrapper awb-image-carousel-wrapper fusion-flex-align-items-center\"><div class=\"swiper-slide\"><div class=\"fusion-carousel-item-wrapper\"><div class=\"fusion-image-wrapper awb-imageframe-style awb-imageframe-style-resa\"><img decoding=\"async\" width=\"768\" height=\"1024\" src=\"https:\/\/lereposdusaunier-iledere.fr\/wp-content\/uploads\/2023\/12\/Golf.jpg\" class=\"attachment-full size-full\" alt=\"\" srcset=\"https:\/\/lereposdusaunier-iledere.fr\/wp-content\/uploads\/2023\/12\/Golf-200x267.jpg 200w, https:\/\/lereposdusaunier-iledere.fr\/wp-content\/uploads\/2023\/12\/Golf-400x533.jpg 400w, https:\/\/lereposdusaunier-iledere.fr\/wp-content\/uploads\/2023\/12\/Golf-600x800.jpg 600w, https:\/\/lereposdusaunier-iledere.fr\/wp-content\/uploads\/2023\/12\/Golf.jpg 768w\" sizes=\"(min-width: 2200px) 100vw, (min-width: 1000px) 227px, (min-width: 928px) 272px, (min-width: 856px) 340px, (min-width: 784px) 453px, (min-width: 712px) 680px, (min-width: 640px) 712px, \" \/><div class=\"awb-imageframe-caption-container\"><div class=\"awb-imageframe-caption\"><h2 class=\"awb-imageframe-caption-title\">le Golf de Trousse-Chemise<\/h2><p class=\"awb-imageframe-caption-text\">9 trous<\/p><\/div><\/div><\/div><\/div><\/div><div class=\"swiper-slide\"><div class=\"fusion-carousel-item-wrapper\"><div class=\"fusion-image-wrapper awb-imageframe-style awb-imageframe-style-resa\"><img decoding=\"async\" width=\"769\" height=\"1024\" src=\"https:\/\/lereposdusaunier-iledere.fr\/wp-content\/uploads\/2023\/12\/paysages-3.jpg\" class=\"attachment-full size-full\" alt=\"\" srcset=\"https:\/\/lereposdusaunier-iledere.fr\/wp-content\/uploads\/2023\/12\/paysages-3-200x266.jpg 200w, https:\/\/lereposdusaunier-iledere.fr\/wp-content\/uploads\/2023\/12\/paysages-3-400x533.jpg 400w, https:\/\/lereposdusaunier-iledere.fr\/wp-content\/uploads\/2023\/12\/paysages-3-600x799.jpg 600w, https:\/\/lereposdusaunier-iledere.fr\/wp-content\/uploads\/2023\/12\/paysages-3.jpg 769w\" sizes=\"(min-width: 2200px) 100vw, (min-width: 1000px) 227px, (min-width: 928px) 272px, (min-width: 856px) 340px, (min-width: 784px) 453px, (min-width: 712px) 680px, (min-width: 640px) 712px, \" \/><div class=\"awb-imageframe-caption-container\"><div class=\"awb-imageframe-caption\"><h2 class=\"awb-imageframe-caption-title\">Les plages et le bois de Trousse-Chemise<\/h2><p class=\"awb-imageframe-caption-text\">Les plus belles plages<\/p><\/div><\/div><\/div><\/div><\/div><div class=\"swiper-slide\"><div class=\"fusion-carousel-item-wrapper\"><div class=\"fusion-image-wrapper awb-imageframe-style awb-imageframe-style-resa\"><img decoding=\"async\" width=\"769\" height=\"1024\" src=\"https:\/\/lereposdusaunier-iledere.fr\/wp-content\/uploads\/2023\/12\/pistes.jpg\" class=\"attachment-full size-full\" alt=\"\" srcset=\"https:\/\/lereposdusaunier-iledere.fr\/wp-content\/uploads\/2023\/12\/pistes-200x266.jpg 200w, https:\/\/lereposdusaunier-iledere.fr\/wp-content\/uploads\/2023\/12\/pistes-400x533.jpg 400w, https:\/\/lereposdusaunier-iledere.fr\/wp-content\/uploads\/2023\/12\/pistes-600x799.jpg 600w, https:\/\/lereposdusaunier-iledere.fr\/wp-content\/uploads\/2023\/12\/pistes.jpg 769w\" sizes=\"(min-width: 2200px) 100vw, (min-width: 1000px) 227px, (min-width: 928px) 272px, (min-width: 856px) 340px, (min-width: 784px) 453px, (min-width: 712px) 680px, (min-width: 640px) 712px, \" \/><div class=\"awb-imageframe-caption-container\"><div class=\"awb-imageframe-caption\"><h2 class=\"awb-imageframe-caption-title\">Les pistes cyclables<\/h2><p class=\"awb-imageframe-caption-text\">138 km de pistes<\/p><\/div><\/div><\/div><\/div><\/div><div class=\"swiper-slide\"><div class=\"fusion-carousel-item-wrapper\"><div class=\"fusion-image-wrapper awb-imageframe-style awb-imageframe-style-resa\"><img decoding=\"async\" width=\"768\" height=\"1024\" src=\"https:\/\/lereposdusaunier-iledere.fr\/wp-content\/uploads\/2023\/12\/paysages-11.jpg\" class=\"attachment-full size-full\" alt=\"\" srcset=\"https:\/\/lereposdusaunier-iledere.fr\/wp-content\/uploads\/2023\/12\/paysages-11-200x267.jpg 200w, https:\/\/lereposdusaunier-iledere.fr\/wp-content\/uploads\/2023\/12\/paysages-11-400x533.jpg 400w, https:\/\/lereposdusaunier-iledere.fr\/wp-content\/uploads\/2023\/12\/paysages-11-600x800.jpg 600w, https:\/\/lereposdusaunier-iledere.fr\/wp-content\/uploads\/2023\/12\/paysages-11.jpg 768w\" sizes=\"(min-width: 2200px) 100vw, (min-width: 1000px) 227px, (min-width: 928px) 272px, (min-width: 856px) 340px, (min-width: 784px) 453px, (min-width: 712px) 680px, (min-width: 640px) 712px, \" \/><div class=\"awb-imageframe-caption-container\"><div class=\"awb-imageframe-caption\"><h2 class=\"awb-imageframe-caption-title\">Saint-Martin-de-R\u00e9<\/h2><p class=\"awb-imageframe-caption-text\">Patrimoine Mondial de l\u2019Humanit\u00e9 de l\u2019Unesco<\/p><\/div><\/div><\/div><\/div><\/div><div class=\"swiper-slide\"><div class=\"fusion-carousel-item-wrapper\"><div class=\"fusion-image-wrapper awb-imageframe-style awb-imageframe-style-resa\"><img decoding=\"async\" width=\"768\" height=\"1024\" src=\"https:\/\/lereposdusaunier-iledere.fr\/wp-content\/uploads\/2023\/12\/paysages-9.jpg\" class=\"attachment-full size-full\" alt=\"\" srcset=\"https:\/\/lereposdusaunier-iledere.fr\/wp-content\/uploads\/2023\/12\/paysages-9-200x267.jpg 200w, https:\/\/lereposdusaunier-iledere.fr\/wp-content\/uploads\/2023\/12\/paysages-9-400x533.jpg 400w, https:\/\/lereposdusaunier-iledere.fr\/wp-content\/uploads\/2023\/12\/paysages-9-600x800.jpg 600w, https:\/\/lereposdusaunier-iledere.fr\/wp-content\/uploads\/2023\/12\/paysages-9.jpg 768w\" sizes=\"(min-width: 2200px) 100vw, (min-width: 1000px) 227px, (min-width: 928px) 272px, (min-width: 856px) 340px, (min-width: 784px) 453px, (min-width: 712px) 680px, (min-width: 640px) 712px, \" \/><div class=\"awb-imageframe-caption-container\"><div class=\"awb-imageframe-caption\"><h2 class=\"awb-imageframe-caption-title\">le Phare des Baleines et la vieille tour<\/h2><p class=\"awb-imageframe-caption-text\">class\u00e9s monument historique<\/p><\/div><\/div><\/div><\/div><\/div><div class=\"swiper-slide\"><div class=\"fusion-carousel-item-wrapper\"><div class=\"fusion-image-wrapper awb-imageframe-style awb-imageframe-style-resa\"><img decoding=\"async\" width=\"768\" height=\"1024\" src=\"https:\/\/lereposdusaunier-iledere.fr\/wp-content\/uploads\/2023\/12\/paddle.jpg\" class=\"attachment-full size-full\" alt=\"\" srcset=\"https:\/\/lereposdusaunier-iledere.fr\/wp-content\/uploads\/2023\/12\/paddle-200x267.jpg 200w, https:\/\/lereposdusaunier-iledere.fr\/wp-content\/uploads\/2023\/12\/paddle-400x533.jpg 400w, https:\/\/lereposdusaunier-iledere.fr\/wp-content\/uploads\/2023\/12\/paddle-600x800.jpg 600w, https:\/\/lereposdusaunier-iledere.fr\/wp-content\/uploads\/2023\/12\/paddle.jpg 768w\" sizes=\"(min-width: 2200px) 100vw, (min-width: 1000px) 227px, (min-width: 928px) 272px, (min-width: 856px) 340px, (min-width: 784px) 453px, (min-width: 712px) 680px, (min-width: 640px) 712px, \" \/><div class=\"awb-imageframe-caption-container\"><div class=\"awb-imageframe-caption\"><h2 class=\"awb-imageframe-caption-title\">Sports nautiques<\/h2><p class=\"awb-imageframe-caption-text\">Stand up paddle, voile...<\/p><\/div><\/div><\/div><\/div><\/div><\/div><div class=\"awb-swiper-button awb-swiper-button-prev\"><i class=\"awb-icon-angle-left\" aria-hidden=\"true\"><\/i><\/div><div class=\"awb-swiper-button awb-swiper-button-next\"><i class=\"awb-icon-angle-right\" aria-hidden=\"true\"><\/i><\/div><\/div><\/div><\/div><\/div><\/div><\/div><div class=\"fusion-fullwidth fullwidth-box fusion-builder-row-2 fusion-flex-container has-pattern-background has-mask-background nonhundred-percent-fullwidth non-hundred-percent-height-scrolling\" style=\"--awb-border-radius-top-left:0px;--awb-border-radius-top-right:0px;--awb-border-radius-bottom-right:0px;--awb-border-radius-bottom-left:0px;--awb-padding-right:60px;--awb-padding-left:60px;--awb-margin-bottom:30px;--awb-flex-wrap:wrap;\" ><div class=\"fusion-builder-row fusion-row fusion-flex-align-items-center fusion-flex-content-wrap\" style=\"max-width:1414.4px;margin-left: calc(-4% \/ 2 );margin-right: calc(-4% \/ 2 );\"><div class=\"fusion-layout-column fusion_builder_column fusion-builder-column-1 fusion_builder_column_1_2 1_2 fusion-flex-column fusion-animated\" style=\"--awb-padding-top:20px;--awb-padding-right:20px;--awb-padding-bottom:20px;--awb-padding-left:20px;--awb-overflow:hidden;--awb-bg-color:var(--awb-color1);--awb-bg-color-hover:var(--awb-color1);--awb-bg-size:cover;--awb-box-shadow:3px 3px 10px 0px rgba(0,0,0,0.2);;--awb-border-radius:20px 5px 20px 5px;--awb-width-large:50%;--awb-margin-top-large:0px;--awb-spacing-right-large:3.84%;--awb-margin-bottom-large:0px;--awb-spacing-left-large:3.84%;--awb-width-medium:50%;--awb-order-medium:0;--awb-spacing-right-medium:3.84%;--awb-spacing-left-medium:3.84%;--awb-width-small:100%;--awb-order-small:0;--awb-spacing-right-small:1.92%;--awb-spacing-left-small:1.92%;\" data-animationType=\"fadeInLeft\" data-animationDuration=\"0.3\" data-animationOffset=\"top-into-view\" data-motion-effects=\"[{&quot;type&quot;:&quot;&quot;,&quot;scroll_type&quot;:&quot;transition&quot;,&quot;scroll_direction&quot;:&quot;up&quot;,&quot;transition_speed&quot;:&quot;1&quot;,&quot;fade_type&quot;:&quot;in&quot;,&quot;scale_type&quot;:&quot;up&quot;,&quot;initial_scale&quot;:&quot;1&quot;,&quot;max_scale&quot;:&quot;1.5&quot;,&quot;min_scale&quot;:&quot;0.5&quot;,&quot;initial_rotate&quot;:&quot;0&quot;,&quot;end_rotate&quot;:&quot;30&quot;,&quot;initial_blur&quot;:&quot;0&quot;,&quot;end_blur&quot;:&quot;3&quot;,&quot;start_element&quot;:&quot;top&quot;,&quot;start_viewport&quot;:&quot;bottom&quot;,&quot;end_element&quot;:&quot;bottom&quot;,&quot;end_viewport&quot;:&quot;top&quot;,&quot;mouse_effect&quot;:&quot;track&quot;,&quot;mouse_effect_direction&quot;:&quot;opposite&quot;,&quot;mouse_effect_speed&quot;:&quot;2&quot;,&quot;infinite_animation&quot;:&quot;float&quot;,&quot;infinite_animation_speed&quot;:&quot;2&quot;}]\" data-scroll-devices=\"small-visibility,medium-visibility,large-visibility\"><div class=\"fusion-column-wrapper fusion-column-has-shadow fusion-flex-justify-content-flex-start fusion-content-layout-column\"><div class=\"fusion-text fusion-text-1\"><p><strong>Les Portes-en-R\u00e9<\/strong> : village tout au bout de l&rsquo;\u00eele, entre plages, for\u00eats et marais salants, qui nous donne l&rsquo;impression d&rsquo;\u00eatre au bout du monde !<\/p>\n<p>Centre village ( \u00e0 350m des locations) anim\u00e9 par un march\u00e9* ainsi que des commerces et restaurants tout autour. Des ruelles, des venelles bord\u00e9es de rose tr\u00e9mi\u00e8res et de murs de vieilles pierres donne un charme fou \u00e0 ce petit village.<\/p>\n<p><img decoding=\"async\" class=\"alignnone size-full wp-image-5469\" src=\"https:\/\/lereposdusaunier-iledere.fr\/wp-content\/uploads\/2023\/12\/village.jpg\" alt=\"\" width=\"620\" height=\"300\" srcset=\"https:\/\/lereposdusaunier-iledere.fr\/wp-content\/uploads\/2023\/12\/village-200x97.jpg 200w, https:\/\/lereposdusaunier-iledere.fr\/wp-content\/uploads\/2023\/12\/village-300x145.jpg 300w, https:\/\/lereposdusaunier-iledere.fr\/wp-content\/uploads\/2023\/12\/village-400x194.jpg 400w, https:\/\/lereposdusaunier-iledere.fr\/wp-content\/uploads\/2023\/12\/village-600x290.jpg 600w, https:\/\/lereposdusaunier-iledere.fr\/wp-content\/uploads\/2023\/12\/village.jpg 620w\" sizes=\"(max-width: 620px) 100vw, 620px\" \/><\/p>\n<p>C&rsquo;est aussi un environnement prot\u00e9g\u00e9 avec la maison du Fier (LPO) situ\u00e9e \u00e0 l&rsquo;entr\u00e9e de la R\u00e9serve Naturelle de Lilleau des Niges (\u00e0 seulement 700m des locations).<\/p>\n<p>Les plus belles plages de sable fin sont ici ! que ce soit pour se baigner, surfer, jouer&#8230; le choix est vaste !<br \/>\nLe c\u00e9l\u00e8bre Bois de Trousse Chemise et son banc du Bucheron finiront de vous enchanter !<\/p>\n<h6>*March\u00e9 des Portes-en-R\u00e9 : mardi, jeudi, samedi, dimanche hors vacances scolaires et tous les jours en juillet et Ao\u00fbt.<\/h6>\n<\/div><\/div><\/div><div class=\"fusion-layout-column fusion_builder_column fusion-builder-column-2 fusion_builder_column_1_2 1_2 fusion-flex-column fusion-animated\" style=\"--awb-padding-right:40px;--awb-padding-left:40px;--awb-bg-size:cover;--awb-width-large:50%;--awb-margin-top-large:0px;--awb-spacing-right-large:3.84%;--awb-margin-bottom-large:0px;--awb-spacing-left-large:3.84%;--awb-width-medium:50%;--awb-order-medium:0;--awb-spacing-right-medium:3.84%;--awb-spacing-left-medium:3.84%;--awb-width-small:100%;--awb-order-small:0;--awb-spacing-right-small:1.92%;--awb-spacing-left-small:1.92%;\" data-animationType=\"fadeInRight\" data-animationDuration=\"0.3\" data-animationOffset=\"top-into-view\" data-motion-effects=\"[{&quot;type&quot;:&quot;&quot;,&quot;scroll_type&quot;:&quot;transition&quot;,&quot;scroll_direction&quot;:&quot;up&quot;,&quot;transition_speed&quot;:&quot;1&quot;,&quot;fade_type&quot;:&quot;in&quot;,&quot;scale_type&quot;:&quot;up&quot;,&quot;initial_scale&quot;:&quot;1&quot;,&quot;max_scale&quot;:&quot;1.5&quot;,&quot;min_scale&quot;:&quot;0.5&quot;,&quot;initial_rotate&quot;:&quot;0&quot;,&quot;end_rotate&quot;:&quot;30&quot;,&quot;initial_blur&quot;:&quot;0&quot;,&quot;end_blur&quot;:&quot;3&quot;,&quot;start_element&quot;:&quot;top&quot;,&quot;start_viewport&quot;:&quot;bottom&quot;,&quot;end_element&quot;:&quot;bottom&quot;,&quot;end_viewport&quot;:&quot;top&quot;,&quot;mouse_effect&quot;:&quot;track&quot;,&quot;mouse_effect_direction&quot;:&quot;opposite&quot;,&quot;mouse_effect_speed&quot;:&quot;2&quot;,&quot;infinite_animation&quot;:&quot;float&quot;,&quot;infinite_animation_speed&quot;:&quot;2&quot;}]\" data-scroll-devices=\"small-visibility,medium-visibility,large-visibility\"><div class=\"fusion-column-wrapper fusion-column-has-shadow fusion-flex-justify-content-flex-start fusion-content-layout-column\"><div class=\"fusion-text fusion-text-2\"><p style=\"text-align: center;\"><span style=\"color: #0d1e30;\"><strong>\u00c0 proximit\u00e9 des g\u00eetes :<br \/>\n<\/strong><\/span><\/p>\n<\/div><ul style=\"--awb-iconcolor:#ffffff;--awb-line-height:27.2px;--awb-icon-width:27.2px;--awb-icon-height:27.2px;--awb-icon-margin:11.2px;--awb-content-margin:38.4px;--awb-circlecolor:#ffa02d;--awb-circle-yes-font-size:14.08px;\" class=\"fusion-checklist fusion-checklist-1 fusion-checklist-default type-icons\"><li class=\"fusion-li-item\" style=\"\"><span class=\"icon-wrapper circle-yes\"><i class=\"fusion-li-icon awb-icon-check\" aria-hidden=\"true\"><\/i><\/span><div class=\"fusion-li-item-content\">\n<p>Sports nautiques : Voile, jet-ski, cano\u00eb-kayak, P\u00eache en mer, surf, kitesurf, location de bateaux, plong\u00e9e sous-marine.<br \/>\n<a href=\"https:\/\/cnportes.org\/\" target=\"_blank\" rel=\"noopener\">Club Nautique des Portes<\/a> : locations de bateaux et stages de voile adultes et enfants.<\/p>\n<\/div><\/li><li class=\"fusion-li-item\" style=\"\"><span class=\"icon-wrapper circle-yes\"><i class=\"fusion-li-icon fa-bicycle fas\" aria-hidden=\"true\"><\/i><\/span><div class=\"fusion-li-item-content\">\n<div>V\u00e9lo, randonn\u00e9es, \u00e9quitation.<\/div>\n<div><a href=\"https:\/\/cycland.fr\/\" target=\"_blank\" rel=\"noopener\">CYCLAND<\/a>, <a href=\"https:\/\/gobike-iledere.fr\/\" target=\"_blank\" rel=\"noopener\">GO Bike<\/a> : location de v\u00e9los afin de parcourir les 138 km de pistes cyclables de l&rsquo;\u00eele !<\/div>\n<\/div><\/li><li class=\"fusion-li-item\" style=\"\"><span class=\"icon-wrapper circle-yes\"><i class=\"fusion-li-icon fa-golf-ball fas\" aria-hidden=\"true\"><\/i><\/span><div class=\"fusion-li-item-content\">\n<p><a href=\"https:\/\/golftroussechemise.com\/\" target=\"_blank\" rel=\"noopener\">Golf de Trousse-Chemise<\/a> : p<span class=\"font_9\"><span class=\"CSS1Compat\"><span class=\"alignJustify\">arcours de 9 trous ouvert toute l\u2019ann\u00e9e, un putting green, une zone d\u2019approche et de sortie de bunker, un practice sur marais et un pro-shop<\/span><\/span><\/span><\/p>\n<\/div><\/li><li class=\"fusion-li-item\" style=\"\"><span class=\"icon-wrapper circle-yes\"><i class=\"fusion-li-icon fa-table-tennis fas\" aria-hidden=\"true\"><\/i><\/span><div class=\"fusion-li-item-content\">\n<p>Tennis, tennis de table.<br \/>\n<a href=\"https:\/\/ballejaune.com\/club\/tcbi\" target=\"_blank\" rel=\"noopener\">Tennis Club du Bout de l&rsquo;\u00cele<\/a> : club de tennis avec stages<\/p>\n<\/div><\/li><li class=\"fusion-li-item\" style=\"\"><span class=\"icon-wrapper circle-yes\"><i class=\"fusion-li-icon fa-feather-alt fas\" aria-hidden=\"true\"><\/i><\/span><div class=\"fusion-li-item-content\">\n<p>Nature : <a href=\"https:\/\/www.maisondufier.fr\/\" target=\"_blank\" rel=\"noopener\">La <span class=\"font_9\"><span class=\"CSS1Compat\"><span class=\"alignJustify\">LPO<\/span><\/span><\/span><\/a> (Ligue pour la protection des oiseaux) organise de nombreuses sorties de d\u00e9couverte \u00e0 destination de tous les publics aux abords de la R\u00e9serve. Tout au long de l\u2019ann\u00e9e, des b\u00e9n\u00e9voles LPO pr\u00eatent main forte \u00e0 l\u2019\u00e9quipe de la R\u00e9serve et de la Maison du Fier pour diff\u00e9rentes activit\u00e9s : chantiers nature, comptage d\u2019oiseaux, accueil du public.<\/p>\n<\/div><\/li><li class=\"fusion-li-item\" style=\"\"><span class=\"icon-wrapper circle-yes\"><i class=\"fusion-li-icon fa-water fas\" aria-hidden=\"true\"><\/i><\/span><div class=\"fusion-li-item-content\">\n<p><a href=\"https:\/\/www.supevasion.com\/\" target=\"_blank\" rel=\"noopener\">SUP \u00c9vasion<\/a> : Randonn\u00e9es dans les espaces naturels en Stand up paddle. Ouvert d&rsquo;Avril \u00e0 Novembre.<\/p>\n<\/div><\/li><li class=\"fusion-li-item\" style=\"\"><span class=\"icon-wrapper circle-yes\"><i class=\"fusion-li-icon fa-fish fas\" aria-hidden=\"true\"><\/i><\/span><div class=\"fusion-li-item-content\">\n<p><a href=\"https:\/\/www.la-ferme-des-baleines.com\" target=\"_blank\" rel=\"noopener\">Ferme Aquacole des Baleines<\/a> : Visite de la ferme aquacole d&rsquo;avril \u00e0 octobre.<\/p>\n<\/div><\/li><li class=\"fusion-li-item\" style=\"\"><span class=\"icon-wrapper circle-yes\"><i class=\"fusion-li-icon fa-utensils fas\" aria-hidden=\"true\"><\/i><\/span><div class=\"fusion-li-item-content\">\n<p>Divertissements : Cin\u00e9ma, bar, restaurants<\/p>\n<\/div><\/li><\/ul><\/div><\/div><\/div><\/div><div class=\"fusion-fullwidth fullwidth-box fusion-builder-row-3 fusion-flex-container has-pattern-background has-mask-background hundred-percent-fullwidth non-hundred-percent-height-scrolling\" style=\"--awb-border-radius-top-left:0px;--awb-border-radius-top-right:0px;--awb-border-radius-bottom-right:0px;--awb-border-radius-bottom-left:0px;--awb-padding-top:0px;--awb-padding-right:0px;--awb-padding-bottom:0px;--awb-padding-left:0px;--awb-margin-top:0px;--awb-margin-bottom:0px;--awb-flex-wrap:wrap;\" ><div class=\"fusion-builder-row fusion-row fusion-flex-align-items-flex-start fusion-flex-content-wrap\" style=\"width:104% !important;max-width:104% !important;margin-left: calc(-4% \/ 2 );margin-right: calc(-4% \/ 2 );\"><div class=\"fusion-layout-column fusion_builder_column fusion-builder-column-3 fusion_builder_column_1_1 1_1 fusion-flex-column\" style=\"--awb-bg-size:cover;--awb-width-large:100%;--awb-margin-top-large:0px;--awb-spacing-right-large:1.92%;--awb-margin-bottom-large:0px;--awb-spacing-left-large:1.92%;--awb-width-medium:100%;--awb-order-medium:0;--awb-spacing-right-medium:1.92%;--awb-spacing-left-medium:1.92%;--awb-width-small:100%;--awb-order-small:0;--awb-spacing-right-small:1.92%;--awb-spacing-left-small:1.92%;\"><div class=\"fusion-column-wrapper fusion-column-has-shadow fusion-flex-justify-content-flex-start fusion-content-layout-column\"><div class=\"fusion-section-separator section-separator horizon fusion-section-separator-1\" style=\"--awb-spacer-padding-top:inherit;--awb-svg-margin-left:1.92%;--awb-svg-margin-right:1.92%;--awb-svg-margin-left-medium:1.92%;--awb-svg-margin-right-medium:1.92%;--awb-svg-margin-left-small:1.92%;--awb-svg-margin-right-small:1.92%;--awb-divider-height:40px;--awb-spacer-height:40px;--awb-sep-font-size:0;--awb-sep-line-height:0;\"><div class=\"fusion-section-separator-svg\"><svg class=\"fusion-horizon-candy\" xmlns=\"http:\/\/www.w3.org\/2000\/svg\" version=\"1.1\" width=\"100%\" viewBox=\"0 -0.5 1024 178\" preserveAspectRatio=\"none\" fill=\"rgba(170,211,223,1)\"><path class=\"st0\" d=\"M1024 177.371H0V.219l507.699 133.939L1024 .219v177.152z\"\/>\n\t\t\t\t\t\t\t\t\t<path class=\"st1\" d=\"M1024 177.781H0V39.438l507.699 94.925L1024 39.438v138.343z\"\/>\n\t\t\t\t\t\t\t\t\t<path class=\"st2\" d=\"M1024 177.781H0v-67.892l507.699 24.474L1024 109.889v67.892z\"\/>\n\t\t\t\t\t\t\t\t\t<path class=\"st3\" d=\"M1024 177.781H0v-3.891l507.699-39.526L1024 173.889v3.892z\"\/>\n\t\t\t\t\t\t\t\t<\/svg><\/div><div class=\"fusion-section-separator-spacer\"><div class=\"fusion-section-separator-spacer-height\"><\/div><\/div><\/div><div class=\"fusion-text fusion-text-3\"><style type=\"text\/css\" id=\"umsMapStyles_1_58345\">\r\n    #ultimate_maps_1_58345 {\r\n        width: 100%;\r\n        height: 400px;\r\n                border: 0px solid ;\r\n        margin: 0px;\r\n    }\r\n    #mapsControlsNum_1_58345 {\r\n        width:100%    }\r\n    .umsMapDetailsContainer#umsMapDetailsContainer_1_58345 {\r\n        height:400px;\r\n    }\r\n    .ums_MapPreview#ultimate_maps_1_58345 {\r\n        \/*position:absolute;*\/\r\n        width:100%;\r\n    }\r\n    #mapConElem_1_58345{\r\n        width:100%    }\r\n    <\/style><div class=\"ums_map_opts\" id=\"mapConElem_1_58345\" data-id=\"1\" data-view-id=\"1_58345\" > <div class=\"umsMapDetailsContainer\" id=\"umsMapDetailsContainer_1_58345\"> <i class=\"umsKMLLayersPreloader fa fa-spinner fa-spin\" aria-hidden=\"true\" style=\"display: none;\"><\/i> <div class=\"ums_MapPreview \" id=\"ultimate_maps_1_58345\"><\/div> <\/div> <div class=\"umsMapMarkerFilters\" id=\"umsMapMarkerFilters_1_58345\"> <\/div> <div class=\"umsMapProControlsCon\" id=\"umsMapProControlsCon_1_58345\"> <a title=\"WordPress Google Maps Plugin\" style=\"display:none;\" href=\"https:\/\/supsystic.com\/plugins\/google-maps-plugin\/?utm_medium=love_link_hide\" target=\"_blank\">WordPress Google Maps Plugin<\/a><div style=\"clear: both;\"><\/div> <\/div> <div class=\"umsMapProDirectionsCon\" id=\"umsMapProDirectionsCon_1_58345\" > <\/div> <div class=\"umsMapProKmlFilterCon\" id=\"umsMapProKmlFilterCon_1_58345\" > <\/div> <div class=\"umsSocialSharingShell umsSocialSharingShell_1_58345\"> <\/div> <div style=\"clear: both;\"><\/div> <\/div>\n<\/div><\/div><\/div><\/div><\/div><\/p>\n","protected":false},"excerpt":{"rendered":"","protected":false},"author":1,"featured_media":0,"parent":0,"menu_order":0,"comment_status":"closed","ping_status":"closed","template":"100-width.php","meta":{"footnotes":""},"class_list":["post-5440","page","type-page","status-publish","hentry"],"_links":{"self":[{"href":"https:\/\/lereposdusaunier-iledere.fr\/index.php\/wp-json\/wp\/v2\/pages\/5440","targetHints":{"allow":["GET"]}}],"collection":[{"href":"https:\/\/lereposdusaunier-iledere.fr\/index.php\/wp-json\/wp\/v2\/pages"}],"about":[{"href":"https:\/\/lereposdusaunier-iledere.fr\/index.php\/wp-json\/wp\/v2\/types\/page"}],"author":[{"embeddable":true,"href":"https:\/\/lereposdusaunier-iledere.fr\/index.php\/wp-json\/wp\/v2\/users\/1"}],"replies":[{"embeddable":true,"href":"https:\/\/lereposdusaunier-iledere.fr\/index.php\/wp-json\/wp\/v2\/comments?post=5440"}],"version-history":[{"count":12,"href":"https:\/\/lereposdusaunier-iledere.fr\/index.php\/wp-json\/wp\/v2\/pages\/5440\/revisions"}],"predecessor-version":[{"id":5500,"href":"https:\/\/lereposdusaunier-iledere.fr\/index.php\/wp-json\/wp\/v2\/pages\/5440\/revisions\/5500"}],"wp:attachment":[{"href":"https:\/\/lereposdusaunier-iledere.fr\/index.php\/wp-json\/wp\/v2\/media?parent=5440"}],"curies":[{"name":"wp","href":"https:\/\/api.w.org\/{rel}","templated":true}]}}